{"id":393,"date":"2025-06-09T15:34:13","date_gmt":"2025-06-09T15:34:13","guid":{"rendered":"https:\/\/ideascoloridas.com\/accueil\/?post_type=product&#038;p=393"},"modified":"2025-06-09T15:35:28","modified_gmt":"2025-06-09T15:35:28","slug":"pierre-dapaisement-pailletee-or","status":"publish","type":"product","link":"https:\/\/ideascoloridas.com\/accueil\/produit\/pierre-dapaisement-pailletee-or\/","title":{"rendered":"Pierre d&rsquo;apaisement paillet\u00e9e or"},"content":{"rendered":"<p>Une pierre d\u2019apaisement, souvent appel\u00e9e \u00ab\u00a0pierre anti-stress\u00a0\u00bb ou \u00ab\u00a0worry stone\u00a0\u00bb en anglais, est un petit galet lisse que l\u2019on tient dans la main et que l\u2019on frotte doucement avec le pouce. Utilis\u00e9e depuis l\u2019Antiquit\u00e9 dans diff\u00e9rentes cultures, elle est con\u00e7ue pour aider \u00e0 calmer l\u2019esprit et \u00e0 r\u00e9duire le stress ou l\u2019anxi\u00e9t\u00e9. Le simple geste r\u00e9p\u00e9titif de frotter la pierre procure une sensation de d\u00e9tente, un peu comme un rituel apaisant.<\/p>\n<p>En r\u00e9sum\u00e9, la pierre d\u2019apaisement agit \u00e0 la fois comme un outil tactile de relaxation et, pour ceux qui y croient, comme un support \u00e9nerg\u00e9tique favorisant la s\u00e9r\u00e9nit\u00e9.<\/p>\n<p>Toutes nos pierres d&rsquo;apaisement sont faites mains et sont accompagn\u00e9es d&rsquo;un certificat d&rsquo;authenticit\u00e9 artisanale<\/p>\n","protected":false},"excerpt":{"rendered":"<p>Une pierre d\u2019apaisement, souvent appel\u00e9e \u00ab\u00a0pierre anti-stress\u00a0\u00bb ou \u00ab\u00a0worry stone\u00a0\u00bb en anglais, est un petit galet lisse que l\u2019on tient [&hellip;]<\/p>\n","protected":false},"featured_media":394,"comment_status":"open","ping_status":"closed","template":"","meta":{"site-sidebar-layout":"default","site-content-layout":"","ast-site-content-layout":"default","site-content-style":"default","site-sidebar-style":"default","ast-global-header-display":"","ast-banner-title-visibility":"","ast-main-header-display":"","ast-hfb-above-header-display":"","ast-hfb-below-header-display":"","ast-hfb-mobile-header-display":"","site-post-title":"","ast-breadcrumbs-content":"","ast-featured-img":"","footer-sml-layout":"","ast-disable-related-posts":"","theme-transparent-header-meta":"default","adv-header-id-meta":"","stick-header-meta":"","header-above-stick-meta":"","header-main-stick-meta":"","header-below-stick-meta":"","astra-migrate-meta-layouts":"set","ast-page-background-enabled":"default","ast-page-background-meta":{"desktop":{"background-color":"var(--ast-global-color-5)","background-image":"","background-repeat":"repeat","background-position":"center center","background-size":"auto","background-attachment":"scroll","background-type":"","background-media":"","overlay-type":"","overlay-color":"","overlay-opacity":"","overlay-gradient":""},"tablet":{"background-color":"","background-image":"","background-repeat":"repeat","background-position":"center center","background-size":"auto","background-attachment":"scroll","background-type":"","background-media":"","overlay-type":"","overlay-color":"","overlay-opacity":"","overlay-gradient":""},"mobile":{"background-color":"","background-image":"","background-repeat":"repeat","background-position":"center center","background-size":"auto","background-attachment":"scroll","background-type":"","background-media":"","overlay-type":"","overlay-color":"","overlay-opacity":"","overlay-gradient":""}},"ast-content-background-meta":{"desktop":{"background-color":"var(--ast-global-color-4)","background-image":"","background-repeat":"repeat","background-position":"center center","background-size":"auto","background-attachment":"scroll","background-type":"","background-media":"","overlay-type":"","overlay-color":"","overlay-opacity":"","overlay-gradient":""},"tablet":{"background-color":"var(--ast-global-color-4)","background-image":"","background-repeat":"repeat","background-position":"center center","background-size":"auto","background-attachment":"scroll","background-type":"","background-media":"","overlay-type":"","overlay-color":"","overlay-opacity":"","overlay-gradient":""},"mobile":{"background-color":"var(--ast-global-color-4)","background-image":"","background-repeat":"repeat","background-position":"center center","background-size":"auto","background-attachment":"scroll","background-type":"","background-media":"","overlay-type":"","overlay-color":"","overlay-opacity":"","overlay-gradient":""}}},"product_brand":[],"product_cat":[47],"product_tag":[],"class_list":{"0":"post-393","1":"product","2":"type-product","3":"status-publish","4":"has-post-thumbnail","6":"product_cat-pierre-dapaisement-bien-etre","7":"desktop-align-left","8":"tablet-align-left","9":"mobile-align-left","11":"first","12":"instock","13":"shipping-taxable","14":"purchasable","15":"product-type-simple"},"_links":{"self":[{"href":"https:\/\/ideascoloridas.com\/accueil\/wp-json\/wp\/v2\/product\/393","targetHints":{"allow":["GET"]}}],"collection":[{"href":"https:\/\/ideascoloridas.com\/accueil\/wp-json\/wp\/v2\/product"}],"about":[{"href":"https:\/\/ideascoloridas.com\/accueil\/wp-json\/wp\/v2\/types\/product"}],"replies":[{"embeddable":true,"href":"https:\/\/ideascoloridas.com\/accueil\/wp-json\/wp\/v2\/comments?post=393"}],"version-history":[{"count":1,"href":"https:\/\/ideascoloridas.com\/accueil\/wp-json\/wp\/v2\/product\/393\/revisions"}],"predecessor-version":[{"id":396,"href":"https:\/\/ideascoloridas.com\/accueil\/wp-json\/wp\/v2\/product\/393\/revisions\/396"}],"wp:featuredmedia":[{"embeddable":true,"href":"https:\/\/ideascoloridas.com\/accueil\/wp-json\/wp\/v2\/media\/394"}],"wp:attachment":[{"href":"https:\/\/ideascoloridas.com\/accueil\/wp-json\/wp\/v2\/media?parent=393"}],"wp:term":[{"taxonomy":"product_brand","embeddable":true,"href":"https:\/\/ideascoloridas.com\/accueil\/wp-json\/wp\/v2\/product_brand?post=393"},{"taxonomy":"product_cat","embeddable":true,"href":"https:\/\/ideascoloridas.com\/accueil\/wp-json\/wp\/v2\/product_cat?post=393"},{"taxonomy":"product_tag","embeddable":true,"href":"https:\/\/ideascoloridas.com\/accueil\/wp-json\/wp\/v2\/product_tag?post=393"}],"curies":[{"name":"wp","href":"https:\/\/api.w.org\/{rel}","templated":true}]}}