{"id":376,"date":"2025-05-02T17:00:35","date_gmt":"2025-05-02T17:00:35","guid":{"rendered":"https:\/\/ideascoloridas.com\/accueil\/?post_type=product&#038;p=376"},"modified":"2025-05-02T17:00:35","modified_gmt":"2025-05-02T17:00:35","slug":"bracelet-astrologique-balance","status":"publish","type":"product","link":"https:\/\/ideascoloridas.com\/accueil\/produit\/bracelet-astrologique-balance\/","title":{"rendered":"Bracelet Astrologique Balance"},"content":{"rendered":"<p class=\"\" data-start=\"253\" data-end=\"619\">Confectionn\u00e9 \u00e0 la main avec soin, ce bracelet en <strong data-start=\"302\" data-end=\"332\">pierres naturelles de 8 mm<\/strong> est d\u00e9di\u00e9 au signe de la <strong data-start=\"358\" data-end=\"369\">Balance<\/strong> (23 septembre \u2013 22 octobre), symbole d\u2019\u00e9quilibre, de beaut\u00e9 et de qu\u00eate d\u2019harmonie. Ce bijou \u00e9nerg\u00e9tique est pens\u00e9 pour soutenir les qualit\u00e9s naturelles de la Balance tout en l\u2019aidant \u00e0 \u00e9quilibrer ses \u00e9motions et \u00e0 renforcer sa stabilit\u00e9 int\u00e9rieure.<\/p>\n<p class=\"\" data-start=\"621\" data-end=\"757\">Chaque pierre a \u00e9t\u00e9 s\u00e9lectionn\u00e9e pour ses <strong data-start=\"663\" data-end=\"685\">vertus vibratoires<\/strong> en r\u00e9sonance avec ce signe d\u2019Air raffin\u00e9, diplomate et parfois ind\u00e9cis.<\/p>\n<h3 class=\"\" data-start=\"1132\" data-end=\"1158\">\u2728 Caract\u00e9ristiques :<\/h3>\n<ul data-start=\"1159\" data-end=\"1577\">\n<li class=\"\" data-start=\"1159\" data-end=\"1192\">\n<p class=\"\" data-start=\"1161\" data-end=\"1192\">Perles naturelles de <strong data-start=\"1182\" data-end=\"1190\">8 mm<\/strong><\/p>\n<\/li>\n<li class=\"\" data-start=\"1193\" data-end=\"1234\">\n<p class=\"\" data-start=\"1195\" data-end=\"1234\">Bracelet <strong data-start=\"1204\" data-end=\"1217\">fait main<\/strong> avec intention<\/p>\n<\/li>\n<li class=\"\" data-start=\"1235\" data-end=\"1303\">\n<p class=\"\" data-start=\"1237\" data-end=\"1303\">Mont\u00e9 sur un <strong data-start=\"1250\" data-end=\"1277\">fil \u00e9lastique r\u00e9sistant<\/strong> pour un confort optimal<\/p>\n<\/li>\n<li class=\"\" data-start=\"1304\" data-end=\"1387\">\n<p class=\"\" data-start=\"1306\" data-end=\"1387\"><span style=\"font-size: 16px;\">Taille personnalis\u00e9e<\/span><\/p>\n<\/li>\n<li class=\"\" data-start=\"1304\" data-end=\"1387\">\n<p class=\"\" data-start=\"1306\" data-end=\"1387\"><span style=\"font-size: 16px;\">Livr\u00e9 avec une <\/span><strong style=\"font-size: 16px;\" data-start=\"1405\" data-end=\"1426\">carte explicative<\/strong><span style=\"font-size: 16px;\"> des pierres et du lien avec le signe astrologique<\/span><\/p>\n<\/li>\n<\/ul>\n<p>Ce bracelet est un alli\u00e9 pr\u00e9cieux pour la Balance qui souhaite se reconnecter \u00e0 elle-m\u00eame, renforcer sa paix int\u00e9rieure et rayonner sa sensibilit\u00e9 unique. \u00c0 offrir ou \u00e0 s\u2019offrir comme un talisman \u00e9l\u00e9gant et rempli de sens.<\/p>\n","protected":false},"excerpt":{"rendered":"<p>Confectionn\u00e9 \u00e0 la main avec soin, ce bracelet en pierres naturelles de 8 mm est d\u00e9di\u00e9 au signe de la [&hellip;]<\/p>\n","protected":false},"featured_media":377,"comment_status":"open","ping_status":"closed","template":"","meta":{"site-sidebar-layout":"default","site-content-layout":"","ast-site-content-layout":"default","site-content-style":"default","site-sidebar-style":"default","ast-global-header-display":"","ast-banner-title-visibility":"","ast-main-header-display":"","ast-hfb-above-header-display":"","ast-hfb-below-header-display":"","ast-hfb-mobile-header-display":"","site-post-title":"","ast-breadcrumbs-content":"","ast-featured-img":"","footer-sml-layout":"","ast-disable-related-posts":"","theme-transparent-header-meta":"default","adv-header-id-meta":"","stick-header-meta":"","header-above-stick-meta":"","header-main-stick-meta":"","header-below-stick-meta":"","astra-migrate-meta-layouts":"set","ast-page-background-enabled":"default","ast-page-background-meta":{"desktop":{"background-color":"var(--ast-global-color-5)","background-image":"","background-repeat":"repeat","background-position":"center center","background-size":"auto","background-attachment":"scroll","background-type":"","background-media":"","overlay-type":"","overlay-color":"","overlay-opacity":"","overlay-gradient":""},"tablet":{"background-color":"","background-image":"","background-repeat":"repeat","background-position":"center center","background-size":"auto","background-attachment":"scroll","background-type":"","background-media":"","overlay-type":"","overlay-color":"","overlay-opacity":"","overlay-gradient":""},"mobile":{"background-color":"","background-image":"","background-repeat":"repeat","background-position":"center center","background-size":"auto","background-attachment":"scroll","background-type":"","background-media":"","overlay-type":"","overlay-color":"","overlay-opacity":"","overlay-gradient":""}},"ast-content-background-meta":{"desktop":{"background-color":"var(--ast-global-color-4)","background-image":"","background-repeat":"repeat","background-position":"center center","background-size":"auto","background-attachment":"scroll","background-type":"","background-media":"","overlay-type":"","overlay-color":"","overlay-opacity":"","overlay-gradient":""},"tablet":{"background-color":"var(--ast-global-color-4)","background-image":"","background-repeat":"repeat","background-position":"center center","background-size":"auto","background-attachment":"scroll","background-type":"","background-media":"","overlay-type":"","overlay-color":"","overlay-opacity":"","overlay-gradient":""},"mobile":{"background-color":"var(--ast-global-color-4)","background-image":"","background-repeat":"repeat","background-position":"center center","background-size":"auto","background-attachment":"scroll","background-type":"","background-media":"","overlay-type":"","overlay-color":"","overlay-opacity":"","overlay-gradient":""}}},"product_brand":[],"product_cat":[34],"product_tag":[],"class_list":{"0":"post-376","1":"product","2":"type-product","3":"status-publish","4":"has-post-thumbnail","6":"product_cat-bracelets-pierres-naturelles","7":"desktop-align-left","8":"tablet-align-left","9":"mobile-align-left","11":"first","12":"instock","13":"shipping-taxable","14":"purchasable","15":"product-type-simple"},"_links":{"self":[{"href":"https:\/\/ideascoloridas.com\/accueil\/wp-json\/wp\/v2\/product\/376","targetHints":{"allow":["GET"]}}],"collection":[{"href":"https:\/\/ideascoloridas.com\/accueil\/wp-json\/wp\/v2\/product"}],"about":[{"href":"https:\/\/ideascoloridas.com\/accueil\/wp-json\/wp\/v2\/types\/product"}],"replies":[{"embeddable":true,"href":"https:\/\/ideascoloridas.com\/accueil\/wp-json\/wp\/v2\/comments?post=376"}],"version-history":[{"count":1,"href":"https:\/\/ideascoloridas.com\/accueil\/wp-json\/wp\/v2\/product\/376\/revisions"}],"predecessor-version":[{"id":378,"href":"https:\/\/ideascoloridas.com\/accueil\/wp-json\/wp\/v2\/product\/376\/revisions\/378"}],"wp:featuredmedia":[{"embeddable":true,"href":"https:\/\/ideascoloridas.com\/accueil\/wp-json\/wp\/v2\/media\/377"}],"wp:attachment":[{"href":"https:\/\/ideascoloridas.com\/accueil\/wp-json\/wp\/v2\/media?parent=376"}],"wp:term":[{"taxonomy":"product_brand","embeddable":true,"href":"https:\/\/ideascoloridas.com\/accueil\/wp-json\/wp\/v2\/product_brand?post=376"},{"taxonomy":"product_cat","embeddable":true,"href":"https:\/\/ideascoloridas.com\/accueil\/wp-json\/wp\/v2\/product_cat?post=376"},{"taxonomy":"product_tag","embeddable":true,"href":"https:\/\/ideascoloridas.com\/accueil\/wp-json\/wp\/v2\/product_tag?post=376"}],"curies":[{"name":"wp","href":"https:\/\/api.w.org\/{rel}","templated":true}]}}