{"id":365,"date":"2025-05-02T15:03:42","date_gmt":"2025-05-02T15:03:42","guid":{"rendered":"https:\/\/ideascoloridas.com\/accueil\/?post_type=product&#038;p=365"},"modified":"2025-05-02T15:03:42","modified_gmt":"2025-05-02T15:03:42","slug":"apaiser-ses-blessures-interieures-devenir-soi-meme-en-se-liberant","status":"publish","type":"product","link":"https:\/\/ideascoloridas.com\/accueil\/produit\/apaiser-ses-blessures-interieures-devenir-soi-meme-en-se-liberant\/","title":{"rendered":"Apaiser ses blessures int\u00e9rieures &#8211; Devenir soi-m\u00eame en se lib\u00e9rant"},"content":{"rendered":"<p>Lorsque des choses ne vont plus dans notre vie, que l\u2019on traverse une crise, quelle qu\u2019elle soit (crise de couple, crise de la cinquantaine, crise professionnelle&#8230;), il faut comprendre que le changement ne peut venir que de l\u2019int\u00e9rieur, le monde dans lequel nous vivons en \u00e9tant un reflet. Dans ce guide pratique, Marianne Houart-Bugnicourt aborde diff\u00e9rentes dimensions de la personnalit\u00e9 qui nous maintiennent dans une souffrance, et nous montre comment en prendre conscience pour mieux nous en affranchir. La connaissance de soi et des lois de l\u2019Univers \u00e9tant la clef de l\u2019\u00e9panouissement personnel, elle permet d\u2019affronter les obstacles de la vie avec confiance, de trouver les solutions \u00e0 nos probl\u00e8mes et de fa\u00e7onner en toute conscience notre devenir.<\/p>\n<p>Editeur<\/p>\n<p>Auteur : Marianne Houart-Bugnicourt<\/p>\n<p>Libre broch\u00e9 172 pages<\/p>\n<p>Date de parution le 7\/07\/2025<\/p>\n","protected":false},"excerpt":{"rendered":"<p>Lorsque des choses ne vont plus dans notre vie, que l\u2019on traverse une crise, quelle qu\u2019elle soit (crise de couple, [&hellip;]<\/p>\n","protected":false},"featured_media":366,"comment_status":"open","ping_status":"closed","template":"","meta":{"site-sidebar-layout":"default","site-content-layout":"","ast-site-content-layout":"default","site-content-style":"default","site-sidebar-style":"default","ast-global-header-display":"","ast-banner-title-visibility":"","ast-main-header-display":"","ast-hfb-above-header-display":"","ast-hfb-below-header-display":"","ast-hfb-mobile-header-display":"","site-post-title":"","ast-breadcrumbs-content":"","ast-featured-img":"","footer-sml-layout":"","ast-disable-related-posts":"","theme-transparent-header-meta":"default","adv-header-id-meta":"","stick-header-meta":"","header-above-stick-meta":"","header-main-stick-meta":"","header-below-stick-meta":"","astra-migrate-meta-layouts":"set","ast-page-background-enabled":"default","ast-page-background-meta":{"desktop":{"background-color":"var(--ast-global-color-5)","background-image":"","background-repeat":"repeat","background-position":"center center","background-size":"auto","background-attachment":"scroll","background-type":"","background-media":"","overlay-type":"","overlay-color":"","overlay-opacity":"","overlay-gradient":""},"tablet":{"background-color":"","background-image":"","background-repeat":"repeat","background-position":"center center","background-size":"auto","background-attachment":"scroll","background-type":"","background-media":"","overlay-type":"","overlay-color":"","overlay-opacity":"","overlay-gradient":""},"mobile":{"background-color":"","background-image":"","background-repeat":"repeat","background-position":"center center","background-size":"auto","background-attachment":"scroll","background-type":"","background-media":"","overlay-type":"","overlay-color":"","overlay-opacity":"","overlay-gradient":""}},"ast-content-background-meta":{"desktop":{"background-color":"var(--ast-global-color-4)","background-image":"","background-repeat":"repeat","background-position":"center center","background-size":"auto","background-attachment":"scroll","background-type":"","background-media":"","overlay-type":"","overlay-color":"","overlay-opacity":"","overlay-gradient":""},"tablet":{"background-color":"var(--ast-global-color-4)","background-image":"","background-repeat":"repeat","background-position":"center center","background-size":"auto","background-attachment":"scroll","background-type":"","background-media":"","overlay-type":"","overlay-color":"","overlay-opacity":"","overlay-gradient":""},"mobile":{"background-color":"var(--ast-global-color-4)","background-image":"","background-repeat":"repeat","background-position":"center center","background-size":"auto","background-attachment":"scroll","background-type":"","background-media":"","overlay-type":"","overlay-color":"","overlay-opacity":"","overlay-gradient":""}}},"product_brand":[],"product_cat":[29],"product_tag":[],"class_list":{"0":"post-365","1":"product","2":"type-product","3":"status-publish","4":"has-post-thumbnail","6":"product_cat-pre-commande","7":"desktop-align-left","8":"tablet-align-left","9":"mobile-align-left","11":"first","12":"instock","13":"shipping-taxable","14":"purchasable","15":"product-type-simple"},"_links":{"self":[{"href":"https:\/\/ideascoloridas.com\/accueil\/wp-json\/wp\/v2\/product\/365","targetHints":{"allow":["GET"]}}],"collection":[{"href":"https:\/\/ideascoloridas.com\/accueil\/wp-json\/wp\/v2\/product"}],"about":[{"href":"https:\/\/ideascoloridas.com\/accueil\/wp-json\/wp\/v2\/types\/product"}],"replies":[{"embeddable":true,"href":"https:\/\/ideascoloridas.com\/accueil\/wp-json\/wp\/v2\/comments?post=365"}],"version-history":[{"count":1,"href":"https:\/\/ideascoloridas.com\/accueil\/wp-json\/wp\/v2\/product\/365\/revisions"}],"predecessor-version":[{"id":367,"href":"https:\/\/ideascoloridas.com\/accueil\/wp-json\/wp\/v2\/product\/365\/revisions\/367"}],"wp:featuredmedia":[{"embeddable":true,"href":"https:\/\/ideascoloridas.com\/accueil\/wp-json\/wp\/v2\/media\/366"}],"wp:attachment":[{"href":"https:\/\/ideascoloridas.com\/accueil\/wp-json\/wp\/v2\/media?parent=365"}],"wp:term":[{"taxonomy":"product_brand","embeddable":true,"href":"https:\/\/ideascoloridas.com\/accueil\/wp-json\/wp\/v2\/product_brand?post=365"},{"taxonomy":"product_cat","embeddable":true,"href":"https:\/\/ideascoloridas.com\/accueil\/wp-json\/wp\/v2\/product_cat?post=365"},{"taxonomy":"product_tag","embeddable":true,"href":"https:\/\/ideascoloridas.com\/accueil\/wp-json\/wp\/v2\/product_tag?post=365"}],"curies":[{"name":"wp","href":"https:\/\/api.w.org\/{rel}","templated":true}]}}