{"id":360,"date":"2025-05-02T14:55:52","date_gmt":"2025-05-02T14:55:52","guid":{"rendered":"https:\/\/ideascoloridas.com\/accueil\/?post_type=product&#038;p=360"},"modified":"2025-05-02T14:56:28","modified_gmt":"2025-05-02T14:56:28","slug":"grimoire","status":"publish","type":"product","link":"https:\/\/ideascoloridas.com\/accueil\/produit\/grimoire\/","title":{"rendered":"Grimoire"},"content":{"rendered":"<p>Ce carnet au format A5 (15 x 21) et \u00e0 la couverture rigide, en similicuir et orn\u00e9e de marquage dor\u00e9 et jaune p\u00e2le, deviendra votre compagnon id\u00e9al en tant que grimoire de pratique ou en tant que compagnon de route pour noter tout ce que vous souhaitez. Plongez dans l&rsquo;univers estival de Litha \u00e0 travers sa magnifique couverture.<\/p>\n<p>220 pages<\/p>\n<p>Couverture reli\u00e9e rigide<\/p>\n<p>A para\u00eetre au 15\/06\/2025<\/p>\n","protected":false},"excerpt":{"rendered":"<p>Ce carnet au format A5 (15 x 21) et \u00e0 la couverture rigide, en similicuir et orn\u00e9e de marquage dor\u00e9 [&hellip;]<\/p>\n","protected":false},"featured_media":361,"comment_status":"open","ping_status":"closed","template":"","meta":{"site-sidebar-layout":"default","site-content-layout":"","ast-site-content-layout":"default","site-content-style":"default","site-sidebar-style":"default","ast-global-header-display":"","ast-banner-title-visibility":"","ast-main-header-display":"","ast-hfb-above-header-display":"","ast-hfb-below-header-display":"","ast-hfb-mobile-header-display":"","site-post-title":"","ast-breadcrumbs-content":"","ast-featured-img":"","footer-sml-layout":"","ast-disable-related-posts":"","theme-transparent-header-meta":"default","adv-header-id-meta":"","stick-header-meta":"","header-above-stick-meta":"","header-main-stick-meta":"","header-below-stick-meta":"","astra-migrate-meta-layouts":"set","ast-page-background-enabled":"default","ast-page-background-meta":{"desktop":{"background-color":"var(--ast-global-color-5)","background-image":"","background-repeat":"repeat","background-position":"center center","background-size":"auto","background-attachment":"scroll","background-type":"","background-media":"","overlay-type":"","overlay-color":"","overlay-opacity":"","overlay-gradient":""},"tablet":{"background-color":"","background-image":"","background-repeat":"repeat","background-position":"center center","background-size":"auto","background-attachment":"scroll","background-type":"","background-media":"","overlay-type":"","overlay-color":"","overlay-opacity":"","overlay-gradient":""},"mobile":{"background-color":"","background-image":"","background-repeat":"repeat","background-position":"center center","background-size":"auto","background-attachment":"scroll","background-type":"","background-media":"","overlay-type":"","overlay-color":"","overlay-opacity":"","overlay-gradient":""}},"ast-content-background-meta":{"desktop":{"background-color":"var(--ast-global-color-4)","background-image":"","background-repeat":"repeat","background-position":"center center","background-size":"auto","background-attachment":"scroll","background-type":"","background-media":"","overlay-type":"","overlay-color":"","overlay-opacity":"","overlay-gradient":""},"tablet":{"background-color":"var(--ast-global-color-4)","background-image":"","background-repeat":"repeat","background-position":"center center","background-size":"auto","background-attachment":"scroll","background-type":"","background-media":"","overlay-type":"","overlay-color":"","overlay-opacity":"","overlay-gradient":""},"mobile":{"background-color":"var(--ast-global-color-4)","background-image":"","background-repeat":"repeat","background-position":"center center","background-size":"auto","background-attachment":"scroll","background-type":"","background-media":"","overlay-type":"","overlay-color":"","overlay-opacity":"","overlay-gradient":""}}},"product_brand":[],"product_cat":[29],"product_tag":[],"class_list":{"0":"post-360","1":"product","2":"type-product","3":"status-publish","4":"has-post-thumbnail","6":"product_cat-pre-commande","7":"desktop-align-left","8":"tablet-align-left","9":"mobile-align-left","11":"first","12":"instock","13":"shipping-taxable","14":"purchasable","15":"product-type-simple"},"_links":{"self":[{"href":"https:\/\/ideascoloridas.com\/accueil\/wp-json\/wp\/v2\/product\/360","targetHints":{"allow":["GET"]}}],"collection":[{"href":"https:\/\/ideascoloridas.com\/accueil\/wp-json\/wp\/v2\/product"}],"about":[{"href":"https:\/\/ideascoloridas.com\/accueil\/wp-json\/wp\/v2\/types\/product"}],"replies":[{"embeddable":true,"href":"https:\/\/ideascoloridas.com\/accueil\/wp-json\/wp\/v2\/comments?post=360"}],"version-history":[{"count":2,"href":"https:\/\/ideascoloridas.com\/accueil\/wp-json\/wp\/v2\/product\/360\/revisions"}],"predecessor-version":[{"id":364,"href":"https:\/\/ideascoloridas.com\/accueil\/wp-json\/wp\/v2\/product\/360\/revisions\/364"}],"wp:featuredmedia":[{"embeddable":true,"href":"https:\/\/ideascoloridas.com\/accueil\/wp-json\/wp\/v2\/media\/361"}],"wp:attachment":[{"href":"https:\/\/ideascoloridas.com\/accueil\/wp-json\/wp\/v2\/media?parent=360"}],"wp:term":[{"taxonomy":"product_brand","embeddable":true,"href":"https:\/\/ideascoloridas.com\/accueil\/wp-json\/wp\/v2\/product_brand?post=360"},{"taxonomy":"product_cat","embeddable":true,"href":"https:\/\/ideascoloridas.com\/accueil\/wp-json\/wp\/v2\/product_cat?post=360"},{"taxonomy":"product_tag","embeddable":true,"href":"https:\/\/ideascoloridas.com\/accueil\/wp-json\/wp\/v2\/product_tag?post=360"}],"curies":[{"name":"wp","href":"https:\/\/api.w.org\/{rel}","templated":true}]}}