{"id":282,"date":"2025-05-02T12:00:19","date_gmt":"2025-05-02T12:00:19","guid":{"rendered":"https:\/\/ideascoloridas.com\/accueil\/?post_type=product&#038;p=282"},"modified":"2025-05-02T12:00:19","modified_gmt":"2025-05-02T12:00:19","slug":"drapeaux-de-prieres-tibetains","status":"publish","type":"product","link":"https:\/\/ideascoloridas.com\/accueil\/produit\/drapeaux-de-prieres-tibetains\/","title":{"rendered":"Drapeaux de Pri\u00e8res Tib\u00e9tains"},"content":{"rendered":"<p class=\"\" data-start=\"251\" data-end=\"665\">Les drapeaux de pri\u00e8res tib\u00e9tains, appel\u00e9s <em data-start=\"294\" data-end=\"302\">Lungta<\/em> (\u00ab cheval du vent \u00bb en tib\u00e9tain), sont de v\u00e9ritables symboles spirituels issus de la tradition bouddhiste de l\u2019Himalaya. Chaque drapeau porte des mantras, des pri\u00e8res et des symboles sacr\u00e9s cens\u00e9s apporter paix, sagesse, force, compassion et bonne fortune \u00e0 tous ceux qui en b\u00e9n\u00e9ficient \u2014 pas uniquement \u00e0 celui qui les accroche, mais \u00e0 toutes les formes de vie.<\/p>\n<p class=\"\" data-start=\"667\" data-end=\"983\"><strong data-start=\"667\" data-end=\"701\">Utilisation et signification :<\/strong><br data-start=\"701\" data-end=\"704\" \/>Les drapeaux ne sont pas simplement d\u00e9coratifs : ils sont con\u00e7us pour que le vent emporte les pri\u00e8res dans l\u2019univers. Loin de chercher \u00e0 conserver leur \u00e9clat, leur d\u00e9gradation naturelle symbolise l\u2019impermanence de la vie \u2014 plus ils s\u2019effilochent, plus leur message a \u00e9t\u00e9 diffus\u00e9.<\/p>\n<p class=\"\" data-start=\"985\" data-end=\"1238\">Traditionnellement, ils sont suspendus \u00e0 l\u2019ext\u00e9rieur : entre deux arbres, sur un balcon, le long d\u2019un chemin ou au sommet d\u2019un toit. Ils ne doivent pas \u00eatre pos\u00e9s \u00e0 terre ni utilis\u00e9s \u00e0 des fins purement d\u00e9coratives sans conscience de leur signification.<\/p>\n<p class=\"\" data-start=\"1240\" data-end=\"1565\"><strong data-start=\"1240\" data-end=\"1265\">Quand les installer ?<\/strong><br data-start=\"1265\" data-end=\"1268\" \/>Il est recommand\u00e9 de les accrocher lors de jours favorables selon le calendrier tib\u00e9tain ou \u00e0 l\u2019occasion de moments de renouveau : nouvelle lune, nouvel an, naissance, d\u00e9m\u00e9nagement, d\u00e9but de projet, etc. \u00c9vitez les jours de pluie, car les b\u00e9n\u00e9dictions ne doivent pas \u00eatre \u00ab emport\u00e9es \u00bb dans l\u2019eau.<\/p>\n<p class=\"\" data-start=\"1567\" data-end=\"1828\"><strong data-start=\"1567\" data-end=\"1594\">Composition classique :<\/strong><br data-start=\"1594\" data-end=\"1597\" \/>Les drapeaux sont g\u00e9n\u00e9ralement au nombre de 5, chacun repr\u00e9sentant un des \u00e9l\u00e9ments et une couleur associ\u00e9e :<br data-start=\"1705\" data-end=\"1708\" \/>\ud83d\udd35 <strong data-start=\"1711\" data-end=\"1719\">Bleu<\/strong> \u2013 Ciel \/ Espace<br data-start=\"1735\" data-end=\"1738\" \/>\u26aa <strong data-start=\"1740\" data-end=\"1749\">Blanc<\/strong> \u2013 Air \/ Vent<br data-start=\"1762\" data-end=\"1765\" \/>\ud83d\udd34 <strong data-start=\"1768\" data-end=\"1777\">Rouge<\/strong> \u2013 Feu<br data-start=\"1783\" data-end=\"1786\" \/>\ud83d\udfe1 <strong data-start=\"1789\" data-end=\"1798\">Jaune<\/strong> \u2013 Terre<br data-start=\"1806\" data-end=\"1809\" data-is-only-node=\"\" \/>\ud83d\udfe2 <strong data-start=\"1812\" data-end=\"1820\">Vert<\/strong> \u2013 Eau<\/p>\n<p data-start=\"1567\" data-end=\"1828\">Accrocher des drapeaux de pri\u00e8res, c\u2019est participer \u00e0 un acte de bienveillance silencieux et universel, une fa\u00e7on simple mais puissante de semer la paix dans le monde.<\/p>\n<p data-start=\"1567\" data-end=\"1828\">\n<h3 class=\"\" data-start=\"119\" data-end=\"189\">\ud83d\udcc5 Dates favorables pour accrocher des drapeaux de pri\u00e8res en 2025<\/h3>\n<p class=\"\" data-start=\"191\" data-end=\"267\"><span class=\"relative -mx-px my-[-0.2rem] rounded px-px py-[0.2rem] transition-colors duration-100 ease-in-out\">Voici quelques dates cl\u00e9s en 2025 o\u00f9 il est traditionnellement recommand\u00e9 d&rsquo;accrocher des drapeaux de pri\u00e8res :<\/span><\/p>\n<ul data-start=\"269\" data-end=\"854\">\n<li class=\"\" data-start=\"269\" data-end=\"411\">\n<p class=\"\" data-start=\"271\" data-end=\"411\"><strong data-start=\"271\" data-end=\"290\">28 f\u00e9vrier 2025<\/strong> : <span class=\"relative -mx-px my-[-0.2rem] rounded px-px py-[0.2rem] transition-colors duration-100 ease-in-out\"><strong data-start=\"0\" data-end=\"9\" data-is-only-node=\"\">Losar<\/strong>, le Nouvel An tib\u00e9tain, marque le d\u00e9but de l&rsquo;ann\u00e9e du Serpent de bois. C&rsquo;est une p\u00e9riode de renouveau spirituel id\u00e9ale pour installer de nouveaux drapeaux.<\/span> <span class=\"ms-1 inline-flex max-w-full items-center relative top-[-0.094rem] animate-[show_150ms_ease-in]\"><a class=\"flex h-4.5 overflow-hidden rounded-xl px-2 text-[0.5625em] font-medium text-token-text-secondary! bg-[#F4F4F4]! dark:bg-[#303030]! transition-colors duration-150 ease-in-out\" href=\"https:\/\/fr.wikipedia.org\/wiki\/Losar?utm_source=chatgpt.com\" target=\"_blank\" rel=\"noopener\"><span class=\"relative start-0 bottom-0 flex h-full w-full items-center\"><span class=\"flex h-4 w-full items-center justify-between absolute\"><span class=\"max-w-full grow truncate overflow-hidden text-center\">zamstore.com<\/span><span class=\"-me-1 flex h-full items-center rounded-full px-1 text-[#8F8F8F]\">+3<\/span><\/span><span class=\"flex h-4 w-full items-center justify-between\"><span class=\"max-w-full grow truncate overflow-hidden text-center\">Wikip\u00e9dia, l&rsquo;encyclop\u00e9die libre<\/span><span class=\"-me-1 flex h-full items-center rounded-full px-1 text-[#8F8F8F]\">+3<\/span><\/span><span class=\"flex h-4 w-full items-center justify-between absolute\"><span class=\"max-w-full grow truncate overflow-hidden text-center\">medite.org<\/span><span class=\"-me-1 flex h-full items-center rounded-full px-1 text-[#8F8F8F]\">+3<\/span><\/span><\/span><\/a><\/span><\/p>\n<\/li>\n<li class=\"\" data-start=\"413\" data-end=\"555\">\n<p class=\"\" data-start=\"415\" data-end=\"555\"><strong data-start=\"415\" data-end=\"434\">10 juillet 2025<\/strong> : <span class=\"relative -mx-px my-[-0.2rem] rounded px-px py-[0.2rem] transition-colors duration-100 ease-in-out\"><strong data-start=\"0\" data-end=\"22\" data-is-only-node=\"\">Dzam Ling Chi Sang<\/strong> (Journ\u00e9e universelle des pri\u00e8res) est une journ\u00e9e d\u00e9di\u00e9e \u00e0 la purification et \u00e0 la pri\u00e8re. Les Tib\u00e9tains c\u00e9l\u00e8brent cette journ\u00e9e en accrochant des drapeaux de pri\u00e8res et en br\u00fblant du gen\u00e9vrier.<\/span> <span class=\"\" data-state=\"closed\"><span class=\"ms-1 inline-flex max-w-full items-center relative top-[-0.094rem] animate-[show_150ms_ease-in]\"><a class=\"flex h-4.5 overflow-hidden rounded-xl px-2 text-[0.5625em] font-medium text-token-text-secondary! bg-[#F4F4F4]! dark:bg-[#303030]! transition-colors duration-150 ease-in-out\" href=\"https:\/\/tnp.org\/important-tibetan-buddhist-holidays-in-2025\/?utm_source=chatgpt.com\" target=\"_blank\" rel=\"noopener\"><span class=\"relative start-0 bottom-0 flex h-full w-full items-center\"><span class=\"flex h-4 w-full items-center justify-between absolute\"><span class=\"max-w-full grow truncate overflow-hidden text-center\">zamstore.com<\/span><span class=\"-me-1 flex h-full items-center rounded-full px-1 text-[#8F8F8F]\">+2<\/span><\/span><span class=\"flex h-4 w-full items-center justify-between\"><span class=\"max-w-full grow truncate overflow-hidden text-center\">tnp.org<\/span><span class=\"-me-1 flex h-full items-center rounded-full px-1 text-[#8F8F8F]\">+2<\/span><\/span><span class=\"flex h-4 w-full items-center justify-between absolute\"><span class=\"max-w-full grow truncate overflow-hidden text-center\">Etsy<\/span><span class=\"-me-1 flex h-full items-center rounded-full px-1 text-[#8F8F8F]\">+2<\/span><\/span><\/span><\/a><\/span><\/span><\/p>\n<\/li>\n<li class=\"\" data-start=\"557\" data-end=\"699\">\n<p class=\"\" data-start=\"559\" data-end=\"699\"><strong data-start=\"559\" data-end=\"578\">28 juillet 2025<\/strong> : <span class=\"relative -mx-px my-[-0.2rem] rounded px-px py-[0.2rem] transition-colors duration-100 ease-in-out\"><strong data-start=\"0\" data-end=\"18\" data-is-only-node=\"\">Chokhor D\u00fcchen<\/strong>, comm\u00e9moration du premier enseignement du Bouddha, est une autre occasion propice pour installer des drapeaux.<\/span> <span class=\"\" data-state=\"closed\"><span class=\"ms-1 inline-flex max-w-full items-center relative top-[-0.094rem] animate-[show_150ms_ease-in]\"><a class=\"flex h-4.5 overflow-hidden rounded-xl px-2 text-[0.5625em] font-medium text-token-text-secondary! bg-[#F4F4F4]! dark:bg-[#303030]! transition-colors duration-150 ease-in-out\" href=\"https:\/\/tnp.org\/important-tibetan-buddhist-holidays-in-2025\/?utm_source=chatgpt.com\" target=\"_blank\" rel=\"noopener\"><span class=\"relative start-0 bottom-0 flex h-full w-full items-center\"><span class=\"flex h-4 w-full items-center justify-between\"><span class=\"max-w-full grow truncate overflow-hidden text-center\">tnp.org<\/span><span class=\"-me-1 flex h-full items-center rounded-full px-1 text-[#8F8F8F]\">+1<\/span><\/span><span class=\"flex h-4 w-full items-center justify-between absolute\"><span class=\"max-w-full grow truncate overflow-hidden text-center\">zamstore.com<\/span><span class=\"-me-1 flex h-full items-center rounded-full px-1 text-[#8F8F8F]\">+1<\/span><\/span><\/span><\/a><\/span><\/span><\/p>\n<\/li>\n<li class=\"\" data-start=\"701\" data-end=\"854\">\n<p class=\"\" data-start=\"703\" data-end=\"854\"><strong data-start=\"703\" data-end=\"733\">Pleine lune de chaque mois<\/strong> : <span class=\"relative -mx-px my-[-0.2rem] rounded px-px py-[0.2rem] transition-colors duration-100 ease-in-out\">Les jours de pleine lune sont consid\u00e9r\u00e9s comme particuli\u00e8rement auspices pour les activit\u00e9s spirituelles, y compris l&rsquo;accrochage de drapeaux de pri\u00e8res.<\/span><\/p>\n<\/li>\n<\/ul>\n<h3 class=\"\" data-start=\"861\" data-end=\"897\">\ud83d\udd4a\ufe0f Conseils pour l&rsquo;installation<\/h3>\n<ul data-start=\"899\" data-end=\"1221\">\n<li class=\"\" data-start=\"899\" data-end=\"1006\">\n<p class=\"\" data-start=\"901\" data-end=\"1006\"><strong data-start=\"901\" data-end=\"925\">Moment de la journ\u00e9e<\/strong> : <span class=\"relative -mx-px my-[-0.2rem] rounded px-px py-[0.2rem] transition-colors duration-100 ease-in-out\">Il est pr\u00e9f\u00e9rable d&rsquo;accrocher les drapeaux le matin, avec une intention claire et bienveillante.<\/span><\/p>\n<\/li>\n<li class=\"\" data-start=\"1008\" data-end=\"1121\">\n<p class=\"\" data-start=\"1010\" data-end=\"1121\"><strong data-start=\"1010\" data-end=\"1040\">Conditions m\u00e9t\u00e9orologiques<\/strong> : <span class=\"relative -mx-px my-[-0.2rem] rounded px-px py-[0.2rem] transition-colors duration-100 ease-in-out\">Choisissez une journ\u00e9e ensoleill\u00e9e et venteuse pour permettre aux pri\u00e8res de se r\u00e9pandre dans l&rsquo;air.<\/span><\/p>\n<\/li>\n<li class=\"\" data-start=\"1123\" data-end=\"1221\">\n<p class=\"\" data-start=\"1125\" data-end=\"1221\"><strong data-start=\"1125\" data-end=\"1140\">Emplacement<\/strong> : <span class=\"relative -mx-px my-[-0.2rem] rounded px-px py-[0.2rem] transition-colors duration-100 ease-in-out\">Les drapeaux sont traditionnellement suspendus en hauteur, entre deux arbres, sur un toit ou le long d&rsquo;une cr\u00eate, afin que le vent puisse les traverser librement.<\/span><\/p>\n<\/li>\n<\/ul>\n<p data-start=\"1567\" data-end=\"1828\">\n","protected":false},"excerpt":{"rendered":"<p>Les drapeaux de pri\u00e8res tib\u00e9tains, appel\u00e9s Lungta (\u00ab cheval du vent \u00bb en tib\u00e9tain), sont de v\u00e9ritables symboles spirituels issus [&hellip;]<\/p>\n","protected":false},"featured_media":281,"comment_status":"open","ping_status":"closed","template":"","meta":{"site-sidebar-layout":"default","site-content-layout":"","ast-site-content-layout":"default","site-content-style":"default","site-sidebar-style":"default","ast-global-header-display":"","ast-banner-title-visibility":"","ast-main-header-display":"","ast-hfb-above-header-display":"","ast-hfb-below-header-display":"","ast-hfb-mobile-header-display":"","site-post-title":"","ast-breadcrumbs-content":"","ast-featured-img":"","footer-sml-layout":"","ast-disable-related-posts":"","theme-transparent-header-meta":"default","adv-header-id-meta":"","stick-header-meta":"","header-above-stick-meta":"","header-main-stick-meta":"","header-below-stick-meta":"","astra-migrate-meta-layouts":"set","ast-page-background-enabled":"default","ast-page-background-meta":{"desktop":{"background-color":"var(--ast-global-color-5)","background-image":"","background-repeat":"repeat","background-position":"center center","background-size":"auto","background-attachment":"scroll","background-type":"","background-media":"","overlay-type":"","overlay-color":"","overlay-opacity":"","overlay-gradient":""},"tablet":{"background-color":"","background-image":"","background-repeat":"repeat","background-position":"center center","background-size":"auto","background-attachment":"scroll","background-type":"","background-media":"","overlay-type":"","overlay-color":"","overlay-opacity":"","overlay-gradient":""},"mobile":{"background-color":"","background-image":"","background-repeat":"repeat","background-position":"center center","background-size":"auto","background-attachment":"scroll","background-type":"","background-media":"","overlay-type":"","overlay-color":"","overlay-opacity":"","overlay-gradient":""}},"ast-content-background-meta":{"desktop":{"background-color":"var(--ast-global-color-4)","background-image":"","background-repeat":"repeat","background-position":"center center","background-size":"auto","background-attachment":"scroll","background-type":"","background-media":"","overlay-type":"","overlay-color":"","overlay-opacity":"","overlay-gradient":""},"tablet":{"background-color":"var(--ast-global-color-4)","background-image":"","background-repeat":"repeat","background-position":"center center","background-size":"auto","background-attachment":"scroll","background-type":"","background-media":"","overlay-type":"","overlay-color":"","overlay-opacity":"","overlay-gradient":""},"mobile":{"background-color":"var(--ast-global-color-4)","background-image":"","background-repeat":"repeat","background-position":"center center","background-size":"auto","background-attachment":"scroll","background-type":"","background-media":"","overlay-type":"","overlay-color":"","overlay-opacity":"","overlay-gradient":""}}},"product_brand":[],"product_cat":[41],"product_tag":[],"class_list":{"0":"post-282","1":"product","2":"type-product","3":"status-publish","4":"has-post-thumbnail","6":"product_cat-decoration","7":"desktop-align-left","8":"tablet-align-left","9":"mobile-align-left","11":"first","12":"instock","13":"shipping-taxable","14":"purchasable","15":"product-type-simple"},"_links":{"self":[{"href":"https:\/\/ideascoloridas.com\/accueil\/wp-json\/wp\/v2\/product\/282","targetHints":{"allow":["GET"]}}],"collection":[{"href":"https:\/\/ideascoloridas.com\/accueil\/wp-json\/wp\/v2\/product"}],"about":[{"href":"https:\/\/ideascoloridas.com\/accueil\/wp-json\/wp\/v2\/types\/product"}],"replies":[{"embeddable":true,"href":"https:\/\/ideascoloridas.com\/accueil\/wp-json\/wp\/v2\/comments?post=282"}],"version-history":[{"count":1,"href":"https:\/\/ideascoloridas.com\/accueil\/wp-json\/wp\/v2\/product\/282\/revisions"}],"predecessor-version":[{"id":283,"href":"https:\/\/ideascoloridas.com\/accueil\/wp-json\/wp\/v2\/product\/282\/revisions\/283"}],"wp:featuredmedia":[{"embeddable":true,"href":"https:\/\/ideascoloridas.com\/accueil\/wp-json\/wp\/v2\/media\/281"}],"wp:attachment":[{"href":"https:\/\/ideascoloridas.com\/accueil\/wp-json\/wp\/v2\/media?parent=282"}],"wp:term":[{"taxonomy":"product_brand","embeddable":true,"href":"https:\/\/ideascoloridas.com\/accueil\/wp-json\/wp\/v2\/product_brand?post=282"},{"taxonomy":"product_cat","embeddable":true,"href":"https:\/\/ideascoloridas.com\/accueil\/wp-json\/wp\/v2\/product_cat?post=282"},{"taxonomy":"product_tag","embeddable":true,"href":"https:\/\/ideascoloridas.com\/accueil\/wp-json\/wp\/v2\/product_tag?post=282"}],"curies":[{"name":"wp","href":"https:\/\/api.w.org\/{rel}","templated":true}]}}