{"id":252,"date":"2025-05-02T09:31:14","date_gmt":"2025-05-02T09:31:14","guid":{"rendered":"https:\/\/ideascoloridas.com\/accueil\/?post_type=product&#038;p=252"},"modified":"2025-05-02T09:31:57","modified_gmt":"2025-05-02T09:31:57","slug":"pendentif-diffuseur-dhuiles-essentiellesalliez-beaute-et-aromatherapie-avec-ce-pendentif-diffuseur-dhuiles-essentielles-concu-pour-vous-accompagner-tout-au-long-de-la-journee-discret-et-r","status":"publish","type":"product","link":"https:\/\/ideascoloridas.com\/accueil\/produit\/pendentif-diffuseur-dhuiles-essentiellesalliez-beaute-et-aromatherapie-avec-ce-pendentif-diffuseur-dhuiles-essentielles-concu-pour-vous-accompagner-tout-au-long-de-la-journee-discret-et-r\/","title":{"rendered":"Pendentif diffuseur d&rsquo;Huiles Essentielles"},"content":{"rendered":"<p class=\"\" data-start=\"241\" data-end=\"554\">Alliez beaut\u00e9 et aromath\u00e9rapie avec ce pendentif diffuseur d\u2019huiles essentielles, con\u00e7u pour vous accompagner tout au long de la journ\u00e9e. Discret et raffin\u00e9, ce bijou\u00a0 s\u2019ouvre pour accueillir un petit coussinet absorbant quelques gouttes de votre huile essentielle pr\u00e9f\u00e9r\u00e9e.<\/p>\n<p class=\"\" data-start=\"556\" data-end=\"843\">Son design \u00e9l\u00e9gant en fait un accessoire tendance, tandis que son c\u0153ur parfum\u00e9 lib\u00e8re en douceur les bienfaits des huiles, favorisant d\u00e9tente, \u00e9nergie ou concentration selon vos envies. Id\u00e9al pour celles et ceux qui souhaitent profiter des vertus de l\u2019aromath\u00e9rapie, m\u00eame en d\u00e9placement.<\/p>\n<ul>\n<li class=\"\" data-start=\"929\" data-end=\"954\">\n<p class=\"\" data-start=\"931\" data-end=\"954\">Taille : 4.5 cm de longueur (sans la chaine)<\/p>\n<\/li>\n<li class=\"\" data-start=\"955\" data-end=\"999\">\n<p class=\"\" data-start=\"957\" data-end=\"999\">Fourni avec 2 coussinets r\u00e9utilisables<\/p>\n<\/li>\n<li class=\"\" data-start=\"1000\" data-end=\"1050\">\n<p class=\"\" data-start=\"1002\" data-end=\"1050\">Compatible avec toutes les huiles essentielles<\/p>\n<\/li>\n<li class=\"\" data-start=\"1051\" data-end=\"1085\">\n<p class=\"\" data-start=\"1053\" data-end=\"1085\">Fermeture s\u00e9curis\u00e9e<\/p>\n<\/li>\n<li class=\"\" data-start=\"1086\" data-end=\"1111\">\n<p class=\"\" data-start=\"1088\" data-end=\"1111\">Cha\u00eene r\u00e9glable incluse<\/p>\n<\/li>\n<\/ul>\n<p>Un cadeau parfait pour soi ou un \u00eatre cher, alliant bien-\u00eatre et \u00e9l\u00e9gance.<\/p>\n","protected":false},"excerpt":{"rendered":"<p>Alliez beaut\u00e9 et aromath\u00e9rapie avec ce pendentif diffuseur d\u2019huiles essentielles, con\u00e7u pour vous accompagner tout au long de la journ\u00e9e. [&hellip;]<\/p>\n","protected":false},"featured_media":253,"comment_status":"open","ping_status":"closed","template":"","meta":{"site-sidebar-layout":"default","site-content-layout":"","ast-site-content-layout":"default","site-content-style":"default","site-sidebar-style":"default","ast-global-header-display":"","ast-banner-title-visibility":"","ast-main-header-display":"","ast-hfb-above-header-display":"","ast-hfb-below-header-display":"","ast-hfb-mobile-header-display":"","site-post-title":"","ast-breadcrumbs-content":"","ast-featured-img":"","footer-sml-layout":"","ast-disable-related-posts":"","theme-transparent-header-meta":"default","adv-header-id-meta":"","stick-header-meta":"","header-above-stick-meta":"","header-main-stick-meta":"","header-below-stick-meta":"","astra-migrate-meta-layouts":"set","ast-page-background-enabled":"default","ast-page-background-meta":{"desktop":{"background-color":"var(--ast-global-color-5)","background-image":"","background-repeat":"repeat","background-position":"center center","background-size":"auto","background-attachment":"scroll","background-type":"","background-media":"","overlay-type":"","overlay-color":"","overlay-opacity":"","overlay-gradient":""},"tablet":{"background-color":"","background-image":"","background-repeat":"repeat","background-position":"center center","background-size":"auto","background-attachment":"scroll","background-type":"","background-media":"","overlay-type":"","overlay-color":"","overlay-opacity":"","overlay-gradient":""},"mobile":{"background-color":"","background-image":"","background-repeat":"repeat","background-position":"center center","background-size":"auto","background-attachment":"scroll","background-type":"","background-media":"","overlay-type":"","overlay-color":"","overlay-opacity":"","overlay-gradient":""}},"ast-content-background-meta":{"desktop":{"background-color":"var(--ast-global-color-4)","background-image":"","background-repeat":"repeat","background-position":"center center","background-size":"auto","background-attachment":"scroll","background-type":"","background-media":"","overlay-type":"","overlay-color":"","overlay-opacity":"","overlay-gradient":""},"tablet":{"background-color":"var(--ast-global-color-4)","background-image":"","background-repeat":"repeat","background-position":"center center","background-size":"auto","background-attachment":"scroll","background-type":"","background-media":"","overlay-type":"","overlay-color":"","overlay-opacity":"","overlay-gradient":""},"mobile":{"background-color":"var(--ast-global-color-4)","background-image":"","background-repeat":"repeat","background-position":"center center","background-size":"auto","background-attachment":"scroll","background-type":"","background-media":"","overlay-type":"","overlay-color":"","overlay-opacity":"","overlay-gradient":""}}},"product_brand":[],"product_cat":[31],"product_tag":[],"class_list":{"0":"post-252","1":"product","2":"type-product","3":"status-publish","4":"has-post-thumbnail","6":"product_cat-accessoires-huiles-essentielles","7":"desktop-align-left","8":"tablet-align-left","9":"mobile-align-left","11":"first","12":"instock","13":"shipping-taxable","14":"purchasable","15":"product-type-simple"},"_links":{"self":[{"href":"https:\/\/ideascoloridas.com\/accueil\/wp-json\/wp\/v2\/product\/252","targetHints":{"allow":["GET"]}}],"collection":[{"href":"https:\/\/ideascoloridas.com\/accueil\/wp-json\/wp\/v2\/product"}],"about":[{"href":"https:\/\/ideascoloridas.com\/accueil\/wp-json\/wp\/v2\/types\/product"}],"replies":[{"embeddable":true,"href":"https:\/\/ideascoloridas.com\/accueil\/wp-json\/wp\/v2\/comments?post=252"}],"version-history":[{"count":3,"href":"https:\/\/ideascoloridas.com\/accueil\/wp-json\/wp\/v2\/product\/252\/revisions"}],"predecessor-version":[{"id":256,"href":"https:\/\/ideascoloridas.com\/accueil\/wp-json\/wp\/v2\/product\/252\/revisions\/256"}],"wp:featuredmedia":[{"embeddable":true,"href":"https:\/\/ideascoloridas.com\/accueil\/wp-json\/wp\/v2\/media\/253"}],"wp:attachment":[{"href":"https:\/\/ideascoloridas.com\/accueil\/wp-json\/wp\/v2\/media?parent=252"}],"wp:term":[{"taxonomy":"product_brand","embeddable":true,"href":"https:\/\/ideascoloridas.com\/accueil\/wp-json\/wp\/v2\/product_brand?post=252"},{"taxonomy":"product_cat","embeddable":true,"href":"https:\/\/ideascoloridas.com\/accueil\/wp-json\/wp\/v2\/product_cat?post=252"},{"taxonomy":"product_tag","embeddable":true,"href":"https:\/\/ideascoloridas.com\/accueil\/wp-json\/wp\/v2\/product_tag?post=252"}],"curies":[{"name":"wp","href":"https:\/\/api.w.org\/{rel}","templated":true}]}}